{"id":7038,"date":"2023-04-07T18:48:19","date_gmt":"2023-04-07T22:48:19","guid":{"rendered":"https:\/\/solutionsec.wpenginepowered.com\/?page_id=7038"},"modified":"2024-09-20T05:22:45","modified_gmt":"2024-09-20T09:22:45","slug":"our-stores","status":"publish","type":"page","link":"https:\/\/solutions.echellecanada.com\/en\/our-stores\/","title":{"rendered":"Our stores"},"content":{"rendered":"\t\t<div data-elementor-type=\"wp-page\" data-elementor-id=\"7038\" class=\"elementor elementor-7038 elementor-2111\" data-elementor-post-type=\"page\">\n\t\t\t\t\t\t<section class=\"elementor-section elementor-top-section elementor-element elementor-element-034d715 elementor-section-full_width elementor-section-height-default elementor-section-height-default\" data-id=\"034d715\" data-element_type=\"section\" data-settings=\"{&quot;background_background&quot;:&quot;classic&quot;}\">\n\t\t\t\t\t\t\t<div class=\"elementor-background-overlay\"><\/div>\n\t\t\t\t\t\t\t<div class=\"elementor-container elementor-column-gap-default\">\n\t\t\t\t\t<div class=\"elementor-column elementor-col-100 elementor-top-column elementor-element elementor-element-f08b9f5\" data-id=\"f08b9f5\" data-element_type=\"column\">\n\t\t\t<div class=\"elementor-widget-wrap elementor-element-populated\">\n\t\t\t\t\t\t<section class=\"elementor-section elementor-inner-section elementor-element elementor-element-eb96dc3 elementor-section-boxed elementor-section-height-default elementor-section-height-default\" data-id=\"eb96dc3\" data-element_type=\"section\">\n\t\t\t\t\t\t<div class=\"elementor-container elementor-column-gap-default\">\n\t\t\t\t\t<div class=\"elementor-column elementor-col-100 elementor-inner-column elementor-element elementor-element-6b7640e\" data-id=\"6b7640e\" data-element_type=\"column\">\n\t\t\t<div class=\"elementor-widget-wrap elementor-element-populated\">\n\t\t\t\t\t\t<div class=\"elementor-element elementor-element-647bffc elementor-widget__width-inherit elementor-widget elementor-widget-heading\" data-id=\"647bffc\" data-element_type=\"widget\" data-widget_type=\"heading.default\">\n\t\t\t\t<div class=\"elementor-widget-container\">\n\t\t\t\t\t<h1 class=\"elementor-heading-title elementor-size-default\">OUR SHOPS<\/h1>\t\t\t\t<\/div>\n\t\t\t\t<\/div>\n\t\t\t\t<div class=\"elementor-element elementor-element-cce8c78 elementor-widget elementor-widget-text-editor\" data-id=\"cce8c78\" data-element_type=\"widget\" data-widget_type=\"text-editor.default\">\n\t\t\t\t<div class=\"elementor-widget-container\">\n\t\t\t\t\t\t\t\t\t<p>The Echelle Canada network includes 4 stores in Canada and over 50 Echelle Europ\u00e9enne stores in Europe. Take advantage of the strength of the Echelle Canada network to find your products and services in all our stores! Use our interactive map to find the store nearest you.<\/p><p>In our stores, you&#8217;ll find the different ranges offered by Echelle Canada: equipment for working at heights (stepladders, scaffolding, ladders, aerial platforms, fall arrest PPE, etc.) as well as our made-to-measure staircases, platforms and walkways.<\/p>\t\t\t\t\t\t\t\t<\/div>\n\t\t\t\t<\/div>\n\t\t\t\t\t<\/div>\n\t\t<\/div>\n\t\t\t\t\t<\/div>\n\t\t<\/section>\n\t\t\t\t\t<\/div>\n\t\t<\/div>\n\t\t\t\t\t<\/div>\n\t\t<\/section>\n\t\t\t\t<section class=\"elementor-section elementor-top-section elementor-element elementor-element-ae456c8 elementor-section-boxed elementor-section-height-default elementor-section-height-default\" data-id=\"ae456c8\" data-element_type=\"section\" data-settings=\"{&quot;background_background&quot;:&quot;classic&quot;}\">\n\t\t\t\t\t\t<div class=\"elementor-container elementor-column-gap-default\">\n\t\t\t\t\t<div class=\"elementor-column elementor-col-100 elementor-top-column elementor-element elementor-element-2fc8a05\" data-id=\"2fc8a05\" data-element_type=\"column\">\n\t\t\t<div class=\"elementor-widget-wrap elementor-element-populated\">\n\t\t\t\t\t\t<div class=\"elementor-element elementor-element-92d19d6 elementor-widget elementor-widget-shortcode\" data-id=\"92d19d6\" data-element_type=\"widget\" data-widget_type=\"shortcode.default\">\n\t\t\t\t<div class=\"elementor-widget-container\">\n\t\t\t\t\t\t\t<div class=\"elementor-shortcode\"><style>\r\n\t#wpsl-stores .wpsl-store-thumb {height:45px !important; width:45px !important;}\r\n\t#wpsl-stores, #wpsl-direction-details, #wpsl-gmap {height:550px !important;}\r\n\t#wpsl-gmap .wpsl-info-window {max-width:125px !important;}\r\n\t.wpsl-input label, #wpsl-radius label, #wpsl-category label {width:65px;}\r\n\t#wpsl-search-input  {width:140px;}\r\n<\/style>\r\n<div id=\"wpsl-wrap\">\r\n\t<div class=\"wpsl-search wpsl-clearfix \">\r\n\t\t<div id=\"wpsl-search-wrap\">\r\n\t\t\t<form autocomplete=\"off\">\r\n\t\t\t<div class=\"wpsl-input\">\r\n\t\t\t\t<div><label for=\"wpsl-search-input\">Your location<\/label><\/div>\r\n\t\t\t\t<input id=\"wpsl-search-input\" type=\"text\" value=\"\" name=\"wpsl-search-input\" placeholder=\"\" aria-required=\"true\" \/>\r\n\t\t\t<\/div>\r\n\t\t\t<div class=\"wpsl-select-wrap\">\r\n\t\t\t\t<div id=\"wpsl-radius\">\r\n\t\t\t\t\t<label for=\"wpsl-radius-dropdown\">Search radius<\/label>\r\n\t\t\t\t\t<select id=\"wpsl-radius-dropdown\" class=\"wpsl-dropdown\" name=\"wpsl-radius\">\r\n\t\t\t\t\t\t<option value=\"10\">10 km<\/option><option value=\"25\">25 km<\/option><option value=\"50\">50 km<\/option><option selected=\"selected\" value=\"100\">100 km<\/option><option value=\"200\">200 km<\/option><option value=\"500\">500 km<\/option>\r\n\t\t\t\t\t<\/select>\r\n\t\t\t\t<\/div>\r\n\t\t\t<\/div>\r\n\t\t\t\t<div class=\"wpsl-search-btn-wrap\"><input id=\"wpsl-search-btn\" type=\"submit\" value=\"Search\"><\/div>\r\n\t\t<\/form>\r\n\t\t<\/div>\r\n\t<\/div>\r\n\t<div id=\"wpsl-gmap\" class=\"wpsl-gmap-canvas\"><\/div>\r\n\t<div id=\"wpsl-result-list\">\r\n\t\t<div id=\"wpsl-stores\" >\r\n\t\t\t<ul><\/ul>\r\n\t\t<\/div>\r\n\t\t<div id=\"wpsl-direction-details\">\r\n\t\t\t<ul><\/ul>\r\n\t\t<\/div>\r\n\t<\/div>\r\n<\/div>\r\n<\/div>\n\t\t\t\t\t\t<\/div>\n\t\t\t\t<\/div>\n\t\t\t\t\t<\/div>\n\t\t<\/div>\n\t\t\t\t\t<\/div>\n\t\t<\/section>\n\t\t\t\t<\/div>\n\t\t","protected":false},"excerpt":{"rendered":"<p>OUR SHOPS The Echelle Canada network includes 4 stores in Canada and over 50 Echelle Europ\u00e9enne stores in Europe. Take advantage of the strength of the Echelle Canada network to find your products and services in all our stores! Use our interactive map to find the store nearest you. In our stores, you&#8217;ll find the [&hellip;]<\/p>\n","protected":false},"author":8,"featured_media":2540,"parent":0,"menu_order":0,"comment_status":"closed","ping_status":"closed","template":"","meta":{"_acf_changed":false,"footnotes":""},"class_list":["post-7038","page","type-page","status-publish","has-post-thumbnail","hentry"],"acf":[],"yoast_head":"<!-- This site is optimized with the Yoast SEO plugin v26.1.1 - https:\/\/yoast.com\/wordpress\/plugins\/seo\/ -->\n<title>Our stores - \u00c9chelle Canada<\/title>\n<meta name=\"description\" content=\"Find out about our store locations in Canada and how to contact them.\" \/>\n<meta name=\"robots\" content=\"index, follow, max-snippet:-1, max-image-preview:large, max-video-preview:-1\" \/>\n<link rel=\"canonical\" href=\"https:\/\/solutions.echellecanada.com\/en\/our-stores\/\" \/>\n<meta property=\"og:locale\" content=\"en_US\" \/>\n<meta property=\"og:type\" content=\"article\" \/>\n<meta property=\"og:title\" content=\"Our stores - \u00c9chelle Canada\" \/>\n<meta property=\"og:description\" content=\"Find out about our store locations in Canada and how to contact them.\" \/>\n<meta property=\"og:url\" content=\"https:\/\/solutions.echellecanada.com\/en\/our-stores\/\" \/>\n<meta property=\"og:site_name\" content=\"\u00c9chelle Canada\" \/>\n<meta property=\"article:modified_time\" content=\"2024-09-20T09:22:45+00:00\" \/>\n<meta property=\"og:image\" content=\"https:\/\/solutions.echellecanada.com\/wp-content\/uploads\/2023\/04\/MAG_34_resize.jpg\" \/>\n\t<meta property=\"og:image:width\" content=\"450\" \/>\n\t<meta property=\"og:image:height\" content=\"300\" \/>\n\t<meta property=\"og:image:type\" content=\"image\/jpeg\" \/>\n<meta name=\"twitter:card\" content=\"summary_large_image\" \/>\n<meta name=\"twitter:label1\" content=\"Est. reading time\" \/>\n\t<meta name=\"twitter:data1\" content=\"1 minute\" \/>\n<script type=\"application\/ld+json\" class=\"yoast-schema-graph\">{\"@context\":\"https:\/\/schema.org\",\"@graph\":[{\"@type\":\"WebPage\",\"@id\":\"https:\/\/solutions.echellecanada.com\/en\/our-stores\/\",\"url\":\"https:\/\/solutions.echellecanada.com\/en\/our-stores\/\",\"name\":\"Our stores - \u00c9chelle Canada\",\"isPartOf\":{\"@id\":\"https:\/\/solutions.echellecanada.com\/en\/#website\"},\"primaryImageOfPage\":{\"@id\":\"https:\/\/solutions.echellecanada.com\/en\/our-stores\/#primaryimage\"},\"image\":{\"@id\":\"https:\/\/solutions.echellecanada.com\/en\/our-stores\/#primaryimage\"},\"thumbnailUrl\":\"https:\/\/solutions.echellecanada.com\/wp-content\/uploads\/2023\/04\/MAG_34_resize.jpg\",\"datePublished\":\"2023-04-07T22:48:19+00:00\",\"dateModified\":\"2024-09-20T09:22:45+00:00\",\"description\":\"Find out about our store locations in Canada and how to contact them.\",\"breadcrumb\":{\"@id\":\"https:\/\/solutions.echellecanada.com\/en\/our-stores\/#breadcrumb\"},\"inLanguage\":\"en-US\",\"potentialAction\":[{\"@type\":\"ReadAction\",\"target\":[\"https:\/\/solutions.echellecanada.com\/en\/our-stores\/\"]}]},{\"@type\":\"ImageObject\",\"inLanguage\":\"en-US\",\"@id\":\"https:\/\/solutions.echellecanada.com\/en\/our-stores\/#primaryimage\",\"url\":\"https:\/\/solutions.echellecanada.com\/wp-content\/uploads\/2023\/04\/MAG_34_resize.jpg\",\"contentUrl\":\"https:\/\/solutions.echellecanada.com\/wp-content\/uploads\/2023\/04\/MAG_34_resize.jpg\",\"width\":450,\"height\":300},{\"@type\":\"BreadcrumbList\",\"@id\":\"https:\/\/solutions.echellecanada.com\/en\/our-stores\/#breadcrumb\",\"itemListElement\":[{\"@type\":\"ListItem\",\"position\":1,\"name\":\"Home\",\"item\":\"https:\/\/solutions.echellecanada.com\/en\/\"},{\"@type\":\"ListItem\",\"position\":2,\"name\":\"Our stores\"}]},{\"@type\":\"WebSite\",\"@id\":\"https:\/\/solutions.echellecanada.com\/en\/#website\",\"url\":\"https:\/\/solutions.echellecanada.com\/en\/\",\"name\":\"Echelle Canada\",\"description\":\"Solutions d&#039;acc\u00e8s s\u00e9curis\u00e9s\",\"publisher\":{\"@id\":\"https:\/\/solutions.echellecanada.com\/en\/#organization\"},\"potentialAction\":[{\"@type\":\"SearchAction\",\"target\":{\"@type\":\"EntryPoint\",\"urlTemplate\":\"https:\/\/solutions.echellecanada.com\/en\/?s={search_term_string}\"},\"query-input\":{\"@type\":\"PropertyValueSpecification\",\"valueRequired\":true,\"valueName\":\"search_term_string\"}}],\"inLanguage\":\"en-US\"},{\"@type\":\"Organization\",\"@id\":\"https:\/\/solutions.echellecanada.com\/en\/#organization\",\"name\":\"Echelle Canada\",\"url\":\"https:\/\/solutions.echellecanada.com\/en\/\",\"logo\":{\"@type\":\"ImageObject\",\"inLanguage\":\"en-US\",\"@id\":\"https:\/\/solutions.echellecanada.com\/en\/#\/schema\/logo\/image\/\",\"url\":\"https:\/\/solutions.echellecanada.com\/wp-content\/uploads\/2022\/12\/ECHELLE_CANADA-slogan-FR-1.png\",\"contentUrl\":\"https:\/\/solutions.echellecanada.com\/wp-content\/uploads\/2022\/12\/ECHELLE_CANADA-slogan-FR-1.png\",\"width\":126,\"height\":72,\"caption\":\"Echelle Canada\"},\"image\":{\"@id\":\"https:\/\/solutions.echellecanada.com\/en\/#\/schema\/logo\/image\/\"}}]}<\/script>\n<!-- \/ Yoast SEO plugin. -->","yoast_head_json":{"title":"Our stores - \u00c9chelle Canada","description":"Find out about our store locations in Canada and how to contact them.","robots":{"index":"index","follow":"follow","max-snippet":"max-snippet:-1","max-image-preview":"max-image-preview:large","max-video-preview":"max-video-preview:-1"},"canonical":"https:\/\/solutions.echellecanada.com\/en\/our-stores\/","og_locale":"en_US","og_type":"article","og_title":"Our stores - \u00c9chelle Canada","og_description":"Find out about our store locations in Canada and how to contact them.","og_url":"https:\/\/solutions.echellecanada.com\/en\/our-stores\/","og_site_name":"\u00c9chelle Canada","article_modified_time":"2024-09-20T09:22:45+00:00","og_image":[{"width":450,"height":300,"url":"https:\/\/solutions.echellecanada.com\/wp-content\/uploads\/2023\/04\/MAG_34_resize.jpg","type":"image\/jpeg"}],"twitter_card":"summary_large_image","twitter_misc":{"Est. reading time":"1 minute"},"schema":{"@context":"https:\/\/schema.org","@graph":[{"@type":"WebPage","@id":"https:\/\/solutions.echellecanada.com\/en\/our-stores\/","url":"https:\/\/solutions.echellecanada.com\/en\/our-stores\/","name":"Our stores - \u00c9chelle Canada","isPartOf":{"@id":"https:\/\/solutions.echellecanada.com\/en\/#website"},"primaryImageOfPage":{"@id":"https:\/\/solutions.echellecanada.com\/en\/our-stores\/#primaryimage"},"image":{"@id":"https:\/\/solutions.echellecanada.com\/en\/our-stores\/#primaryimage"},"thumbnailUrl":"https:\/\/solutions.echellecanada.com\/wp-content\/uploads\/2023\/04\/MAG_34_resize.jpg","datePublished":"2023-04-07T22:48:19+00:00","dateModified":"2024-09-20T09:22:45+00:00","description":"Find out about our store locations in Canada and how to contact them.","breadcrumb":{"@id":"https:\/\/solutions.echellecanada.com\/en\/our-stores\/#breadcrumb"},"inLanguage":"en-US","potentialAction":[{"@type":"ReadAction","target":["https:\/\/solutions.echellecanada.com\/en\/our-stores\/"]}]},{"@type":"ImageObject","inLanguage":"en-US","@id":"https:\/\/solutions.echellecanada.com\/en\/our-stores\/#primaryimage","url":"https:\/\/solutions.echellecanada.com\/wp-content\/uploads\/2023\/04\/MAG_34_resize.jpg","contentUrl":"https:\/\/solutions.echellecanada.com\/wp-content\/uploads\/2023\/04\/MAG_34_resize.jpg","width":450,"height":300},{"@type":"BreadcrumbList","@id":"https:\/\/solutions.echellecanada.com\/en\/our-stores\/#breadcrumb","itemListElement":[{"@type":"ListItem","position":1,"name":"Home","item":"https:\/\/solutions.echellecanada.com\/en\/"},{"@type":"ListItem","position":2,"name":"Our stores"}]},{"@type":"WebSite","@id":"https:\/\/solutions.echellecanada.com\/en\/#website","url":"https:\/\/solutions.echellecanada.com\/en\/","name":"Echelle Canada","description":"Solutions d&#039;acc\u00e8s s\u00e9curis\u00e9s","publisher":{"@id":"https:\/\/solutions.echellecanada.com\/en\/#organization"},"potentialAction":[{"@type":"SearchAction","target":{"@type":"EntryPoint","urlTemplate":"https:\/\/solutions.echellecanada.com\/en\/?s={search_term_string}"},"query-input":{"@type":"PropertyValueSpecification","valueRequired":true,"valueName":"search_term_string"}}],"inLanguage":"en-US"},{"@type":"Organization","@id":"https:\/\/solutions.echellecanada.com\/en\/#organization","name":"Echelle Canada","url":"https:\/\/solutions.echellecanada.com\/en\/","logo":{"@type":"ImageObject","inLanguage":"en-US","@id":"https:\/\/solutions.echellecanada.com\/en\/#\/schema\/logo\/image\/","url":"https:\/\/solutions.echellecanada.com\/wp-content\/uploads\/2022\/12\/ECHELLE_CANADA-slogan-FR-1.png","contentUrl":"https:\/\/solutions.echellecanada.com\/wp-content\/uploads\/2022\/12\/ECHELLE_CANADA-slogan-FR-1.png","width":126,"height":72,"caption":"Echelle Canada"},"image":{"@id":"https:\/\/solutions.echellecanada.com\/en\/#\/schema\/logo\/image\/"}}]}},"_links":{"self":[{"href":"https:\/\/solutions.echellecanada.com\/en\/wp-json\/wp\/v2\/pages\/7038","targetHints":{"allow":["GET"]}}],"collection":[{"href":"https:\/\/solutions.echellecanada.com\/en\/wp-json\/wp\/v2\/pages"}],"about":[{"href":"https:\/\/solutions.echellecanada.com\/en\/wp-json\/wp\/v2\/types\/page"}],"author":[{"embeddable":true,"href":"https:\/\/solutions.echellecanada.com\/en\/wp-json\/wp\/v2\/users\/8"}],"replies":[{"embeddable":true,"href":"https:\/\/solutions.echellecanada.com\/en\/wp-json\/wp\/v2\/comments?post=7038"}],"version-history":[{"count":0,"href":"https:\/\/solutions.echellecanada.com\/en\/wp-json\/wp\/v2\/pages\/7038\/revisions"}],"wp:featuredmedia":[{"embeddable":true,"href":"https:\/\/solutions.echellecanada.com\/en\/wp-json\/wp\/v2\/media\/2540"}],"wp:attachment":[{"href":"https:\/\/solutions.echellecanada.com\/en\/wp-json\/wp\/v2\/media?parent=7038"}],"curies":[{"name":"wp","href":"https:\/\/api.w.org\/{rel}","templated":true}]}}