{"id":6809,"date":"2023-04-12T00:23:51","date_gmt":"2023-04-12T04:23:51","guid":{"rendered":"https:\/\/solutionsec.wpenginepowered.com\/politique-de-protection-des-donnees-personnelles\/"},"modified":"2025-10-08T10:07:48","modified_gmt":"2025-10-08T14:07:48","slug":"personal-data-protection-policy","status":"publish","type":"page","link":"https:\/\/solutions.echellecanada.com\/en\/personal-data-protection-policy\/","title":{"rendered":"Personal data protection policy"},"content":{"rendered":"\t\t<div data-elementor-type=\"wp-page\" data-elementor-id=\"6809\" class=\"elementor elementor-6809 elementor-2368\" data-elementor-post-type=\"page\">\n\t\t\t\t\t\t<section class=\"elementor-section elementor-top-section elementor-element elementor-element-941f06b elementor-section-full_width elementor-section-height-default elementor-section-height-default\" data-id=\"941f06b\" data-element_type=\"section\" data-settings=\"{&quot;background_background&quot;:&quot;classic&quot;}\">\n\t\t\t\t\t\t<div class=\"elementor-container elementor-column-gap-default\">\n\t\t\t\t\t<div class=\"elementor-column elementor-col-100 elementor-top-column elementor-element elementor-element-1aced88\" data-id=\"1aced88\" data-element_type=\"column\">\n\t\t\t<div class=\"elementor-widget-wrap elementor-element-populated\">\n\t\t\t\t\t\t<div class=\"elementor-element elementor-element-08d484d elementor-widget elementor-widget-heading\" data-id=\"08d484d\" data-element_type=\"widget\" data-widget_type=\"heading.default\">\n\t\t\t\t<div class=\"elementor-widget-container\">\n\t\t\t\t\t<h1 class=\"elementor-heading-title elementor-size-default\">PERSONAL DATA PROTECTION POLICY\n<\/h1>\t\t\t\t<\/div>\n\t\t\t\t<\/div>\n\t\t\t\t\t<\/div>\n\t\t<\/div>\n\t\t\t\t\t<\/div>\n\t\t<\/section>\n\t\t\t\t<section class=\"elementor-section elementor-top-section elementor-element elementor-element-47c659c elementor-section-boxed elementor-section-height-default elementor-section-height-default\" data-id=\"47c659c\" data-element_type=\"section\">\n\t\t\t\t\t\t<div class=\"elementor-container elementor-column-gap-default\">\n\t\t\t\t\t<div class=\"elementor-column elementor-col-100 elementor-top-column elementor-element elementor-element-61a536c\" data-id=\"61a536c\" data-element_type=\"column\">\n\t\t\t<div class=\"elementor-widget-wrap elementor-element-populated\">\n\t\t\t\t\t\t<div class=\"elementor-element elementor-element-f7a0f45 elementor-widget elementor-widget-text-editor\" data-id=\"f7a0f45\" data-element_type=\"widget\" data-widget_type=\"text-editor.default\">\n\t\t\t\t<div class=\"elementor-widget-container\">\n\t\t\t\t\t\t\t\t\t<p><strong>ECHELLE CANADA is committed to protecting personal data. It undertakes to ensure the highest level of protection for your personal data in accordance with applicable regulations. ECHELLE CANADA has implemented a secure and effective IT systems management policy to protect the company&#8217;s data and the personal data it processes.  <\/strong><\/p><p><strong>1. What data do we collect?<\/strong><\/p><p>SCALE CANADA may collect personal data directly from you or indirectly through third parties. In accordance with the principle of minimization, we only collect data that is necessary for the purposes for which it is processed and for which you have given your consent. <br>The different categories of data collected when you subscribe and when you use our services are as follows:<br>Identification data (including last name, first name);<br>Contact details (including postal address and email address);<br>Usage data (including web pages and products viewed, searches and requests made);<br>Connection and browsing data (including your computer&#8217;s IP address, connection and usage logs);<br>Commercial data (order history, referring store, complaints);<br>Location data.<\/p><p><strong>2. Why do we collect data?<\/strong><\/p><p>LADDER CANADA uses your personal data primarily for the following purposes:<br>In connection with the performance of a contract: Order and customer relationship management, customer account management and customer authentication, order payment, communications with the customer (technical and commercial support), management of pre-litigation, litigation, and unpaid debts, management of rights and requests to exercise individual rights, provision and operation of services, hosting of customer data;<br>For commercial and prospecting purposes: Customer knowledge and statistics and performance of our site, targeting of advertising messages, enrichment and enhancement of the customer\/prospect database;<br>Combating fraud and ensuring the security of our site.<\/p><p><strong>3. How long do you keep your data?<\/strong><\/p><p>We only retain your data for as long as is necessary to fulfill the purposes mentioned above or to enable us to meet our legal obligations.<br>Personal data used for commercial prospecting purposes may be retained for a maximum period of three (3) years from the end of the commercial relationship.<\/p><p><strong>4. Who are the recipients?<\/strong><\/p><p>Your personal data may be processed by authorized personnel at ECHELLE CANADA and ECHELLE EUROPEENNE, stores in the ECHELLE EUROPEENNE network, and partners or service providers of ECHELLE CANADA and ECHELLE EUROPEENNE.<br>If these recipients are required to process your data outside of Canada, transfers will be carried out in accordance with the Regulations.<\/p><p><strong>5. How secure is your data?<\/strong><\/p><p>We have defined technical and organizational measures to protect your data appropriately according to its nature, the extent of its processing, and its accessibility. These measures may include, for example, access rights management or secure data flows.<br>All of our employees, service providers, and partners are required to comply with data security and protection requirements. <\/p><p><strong>6. What are your rights?<\/strong><\/p><p>In accordance with the Personal Information Protection and Electronic Documents Act (PIPEDA) dated April 13, 2000, you may request access to your personal data at any time and, if necessary, file a dispute under the conditions set out in the Regulations.<br>You have the right to modify or withdraw, at any time, the consent you have given us to process your personal data.<br>You also have the right to request the correction of your personal data in the event of an error or inaccuracy, or to update it.<br>Your personal data may be retained or deleted after your death in accordance with the Regulations. You have the right to instruct ECHELLE CANADA to disclose this data to a third party that you have designated in advance.<br>In addition, in the event of a breach of your personal data, you have the right to file a complaint either directly with our Department, whose contact details are provided in the following paragraph, or with the Office of the Privacy Commissioner of Canada.<br>How to exercise your rights:<br>You may exercise your rights at any time by writing to: ECHELLE CANADA Inc., 1179 Autoroute 440 Ouest, Laval (QUEBEC) QC H7L3W3 Canada or by email to the following address: donneespersonnelles@echelle-europeenne.com <\/p><p><strong>7. Update to this PERSONAL DATA PROTECTION POLICY<\/strong><\/p><p>We reserve the right to modify this PRIVACY POLICY at any time by updating it on the ECHELLE CANADA website. Our use of your personal information will always be governed by the most recent version of this PRIVACY POLICY. <\/p>\t\t\t\t\t\t\t\t<\/div>\n\t\t\t\t<\/div>\n\t\t\t\t\t<\/div>\n\t\t<\/div>\n\t\t\t\t\t<\/div>\n\t\t<\/section>\n\t\t\t\t<\/div>\n\t\t","protected":false},"excerpt":{"rendered":"<p>PERSONAL DATA PROTECTION POLICY ECHELLE CANADA is committed to protecting personal data. It undertakes to ensure the highest level of protection for your personal data in accordance with applicable regulations. ECHELLE CANADA has implemented a secure and effective IT systems management policy to protect the company&#8217;s data and the personal data it processes. 1. What [&hellip;]<\/p>\n","protected":false},"author":2,"featured_media":0,"parent":0,"menu_order":0,"comment_status":"closed","ping_status":"closed","template":"","meta":{"_acf_changed":false,"footnotes":""},"class_list":["post-6809","page","type-page","status-publish","hentry"],"acf":[],"yoast_head":"<!-- This site is optimized with the Yoast SEO plugin v26.1.1 - https:\/\/yoast.com\/wordpress\/plugins\/seo\/ -->\n<title>Personal data protection policy - \u00c9chelle Canada<\/title>\n<meta name=\"description\" content=\"Echelle Canada et son r\u00e9seau de magasins \u00e0 Laval, Longueuil, Toronto et Qu\u00e9bec; apporte \u00e0 tous les professionnels des solutions aux probl\u00e9matiques d\u2019acc\u00e8s et de travail en hauteur.\" \/>\n<meta name=\"robots\" content=\"index, follow, max-snippet:-1, max-image-preview:large, max-video-preview:-1\" \/>\n<link rel=\"canonical\" href=\"https:\/\/solutions.echellecanada.com\/en\/personal-data-protection-policy\/\" \/>\n<meta property=\"og:locale\" content=\"en_US\" \/>\n<meta property=\"og:type\" content=\"article\" \/>\n<meta property=\"og:title\" content=\"Personal data protection policy - \u00c9chelle Canada\" \/>\n<meta property=\"og:description\" content=\"Echelle Canada et son r\u00e9seau de magasins \u00e0 Laval, Longueuil, Toronto et Qu\u00e9bec; apporte \u00e0 tous les professionnels des solutions aux probl\u00e9matiques d\u2019acc\u00e8s et de travail en hauteur.\" \/>\n<meta property=\"og:url\" content=\"https:\/\/solutions.echellecanada.com\/en\/personal-data-protection-policy\/\" \/>\n<meta property=\"og:site_name\" content=\"\u00c9chelle Canada\" \/>\n<meta property=\"article:modified_time\" content=\"2025-10-08T14:07:48+00:00\" \/>\n<meta property=\"og:image\" content=\"https:\/\/solutions.echellecanada.com\/wp-content\/uploads\/2024\/06\/Echelle-canada-siege-en-france-web-1024x768.png\" \/>\n\t<meta property=\"og:image:width\" content=\"1024\" \/>\n\t<meta property=\"og:image:height\" content=\"768\" \/>\n\t<meta property=\"og:image:type\" content=\"image\/png\" \/>\n<meta name=\"twitter:card\" content=\"summary_large_image\" \/>\n<meta name=\"twitter:label1\" content=\"Est. reading time\" \/>\n\t<meta name=\"twitter:data1\" content=\"4 minutes\" \/>\n<script type=\"application\/ld+json\" class=\"yoast-schema-graph\">{\"@context\":\"https:\/\/schema.org\",\"@graph\":[{\"@type\":\"WebPage\",\"@id\":\"https:\/\/solutions.echellecanada.com\/en\/personal-data-protection-policy\/\",\"url\":\"https:\/\/solutions.echellecanada.com\/en\/personal-data-protection-policy\/\",\"name\":\"Personal data protection policy - \u00c9chelle Canada\",\"isPartOf\":{\"@id\":\"https:\/\/solutions.echellecanada.com\/en\/#website\"},\"datePublished\":\"2023-04-12T04:23:51+00:00\",\"dateModified\":\"2025-10-08T14:07:48+00:00\",\"description\":\"Echelle Canada et son r\u00e9seau de magasins \u00e0 Laval, Longueuil, Toronto et Qu\u00e9bec; apporte \u00e0 tous les professionnels des solutions aux probl\u00e9matiques d\u2019acc\u00e8s et de travail en hauteur.\",\"breadcrumb\":{\"@id\":\"https:\/\/solutions.echellecanada.com\/en\/personal-data-protection-policy\/#breadcrumb\"},\"inLanguage\":\"en-US\",\"potentialAction\":[{\"@type\":\"ReadAction\",\"target\":[\"https:\/\/solutions.echellecanada.com\/en\/personal-data-protection-policy\/\"]}]},{\"@type\":\"BreadcrumbList\",\"@id\":\"https:\/\/solutions.echellecanada.com\/en\/personal-data-protection-policy\/#breadcrumb\",\"itemListElement\":[{\"@type\":\"ListItem\",\"position\":1,\"name\":\"Home\",\"item\":\"https:\/\/solutions.echellecanada.com\/en\/\"},{\"@type\":\"ListItem\",\"position\":2,\"name\":\"Personal data protection policy\"}]},{\"@type\":\"WebSite\",\"@id\":\"https:\/\/solutions.echellecanada.com\/en\/#website\",\"url\":\"https:\/\/solutions.echellecanada.com\/en\/\",\"name\":\"Echelle Canada\",\"description\":\"Solutions d&#039;acc\u00e8s s\u00e9curis\u00e9s\",\"publisher\":{\"@id\":\"https:\/\/solutions.echellecanada.com\/en\/#organization\"},\"potentialAction\":[{\"@type\":\"SearchAction\",\"target\":{\"@type\":\"EntryPoint\",\"urlTemplate\":\"https:\/\/solutions.echellecanada.com\/en\/?s={search_term_string}\"},\"query-input\":{\"@type\":\"PropertyValueSpecification\",\"valueRequired\":true,\"valueName\":\"search_term_string\"}}],\"inLanguage\":\"en-US\"},{\"@type\":\"Organization\",\"@id\":\"https:\/\/solutions.echellecanada.com\/en\/#organization\",\"name\":\"Echelle Canada\",\"url\":\"https:\/\/solutions.echellecanada.com\/en\/\",\"logo\":{\"@type\":\"ImageObject\",\"inLanguage\":\"en-US\",\"@id\":\"https:\/\/solutions.echellecanada.com\/en\/#\/schema\/logo\/image\/\",\"url\":\"https:\/\/solutions.echellecanada.com\/wp-content\/uploads\/2022\/12\/ECHELLE_CANADA-slogan-FR-1.png\",\"contentUrl\":\"https:\/\/solutions.echellecanada.com\/wp-content\/uploads\/2022\/12\/ECHELLE_CANADA-slogan-FR-1.png\",\"width\":126,\"height\":72,\"caption\":\"Echelle Canada\"},\"image\":{\"@id\":\"https:\/\/solutions.echellecanada.com\/en\/#\/schema\/logo\/image\/\"}}]}<\/script>\n<!-- \/ Yoast SEO plugin. -->","yoast_head_json":{"title":"Personal data protection policy - \u00c9chelle Canada","description":"Echelle Canada et son r\u00e9seau de magasins \u00e0 Laval, Longueuil, Toronto et Qu\u00e9bec; apporte \u00e0 tous les professionnels des solutions aux probl\u00e9matiques d\u2019acc\u00e8s et de travail en hauteur.","robots":{"index":"index","follow":"follow","max-snippet":"max-snippet:-1","max-image-preview":"max-image-preview:large","max-video-preview":"max-video-preview:-1"},"canonical":"https:\/\/solutions.echellecanada.com\/en\/personal-data-protection-policy\/","og_locale":"en_US","og_type":"article","og_title":"Personal data protection policy - \u00c9chelle Canada","og_description":"Echelle Canada et son r\u00e9seau de magasins \u00e0 Laval, Longueuil, Toronto et Qu\u00e9bec; apporte \u00e0 tous les professionnels des solutions aux probl\u00e9matiques d\u2019acc\u00e8s et de travail en hauteur.","og_url":"https:\/\/solutions.echellecanada.com\/en\/personal-data-protection-policy\/","og_site_name":"\u00c9chelle Canada","article_modified_time":"2025-10-08T14:07:48+00:00","og_image":[{"width":1024,"height":768,"url":"https:\/\/solutions.echellecanada.com\/wp-content\/uploads\/2024\/06\/Echelle-canada-siege-en-france-web-1024x768.png","type":"image\/png"}],"twitter_card":"summary_large_image","twitter_misc":{"Est. reading time":"4 minutes"},"schema":{"@context":"https:\/\/schema.org","@graph":[{"@type":"WebPage","@id":"https:\/\/solutions.echellecanada.com\/en\/personal-data-protection-policy\/","url":"https:\/\/solutions.echellecanada.com\/en\/personal-data-protection-policy\/","name":"Personal data protection policy - \u00c9chelle Canada","isPartOf":{"@id":"https:\/\/solutions.echellecanada.com\/en\/#website"},"datePublished":"2023-04-12T04:23:51+00:00","dateModified":"2025-10-08T14:07:48+00:00","description":"Echelle Canada et son r\u00e9seau de magasins \u00e0 Laval, Longueuil, Toronto et Qu\u00e9bec; apporte \u00e0 tous les professionnels des solutions aux probl\u00e9matiques d\u2019acc\u00e8s et de travail en hauteur.","breadcrumb":{"@id":"https:\/\/solutions.echellecanada.com\/en\/personal-data-protection-policy\/#breadcrumb"},"inLanguage":"en-US","potentialAction":[{"@type":"ReadAction","target":["https:\/\/solutions.echellecanada.com\/en\/personal-data-protection-policy\/"]}]},{"@type":"BreadcrumbList","@id":"https:\/\/solutions.echellecanada.com\/en\/personal-data-protection-policy\/#breadcrumb","itemListElement":[{"@type":"ListItem","position":1,"name":"Home","item":"https:\/\/solutions.echellecanada.com\/en\/"},{"@type":"ListItem","position":2,"name":"Personal data protection policy"}]},{"@type":"WebSite","@id":"https:\/\/solutions.echellecanada.com\/en\/#website","url":"https:\/\/solutions.echellecanada.com\/en\/","name":"Echelle Canada","description":"Solutions d&#039;acc\u00e8s s\u00e9curis\u00e9s","publisher":{"@id":"https:\/\/solutions.echellecanada.com\/en\/#organization"},"potentialAction":[{"@type":"SearchAction","target":{"@type":"EntryPoint","urlTemplate":"https:\/\/solutions.echellecanada.com\/en\/?s={search_term_string}"},"query-input":{"@type":"PropertyValueSpecification","valueRequired":true,"valueName":"search_term_string"}}],"inLanguage":"en-US"},{"@type":"Organization","@id":"https:\/\/solutions.echellecanada.com\/en\/#organization","name":"Echelle Canada","url":"https:\/\/solutions.echellecanada.com\/en\/","logo":{"@type":"ImageObject","inLanguage":"en-US","@id":"https:\/\/solutions.echellecanada.com\/en\/#\/schema\/logo\/image\/","url":"https:\/\/solutions.echellecanada.com\/wp-content\/uploads\/2022\/12\/ECHELLE_CANADA-slogan-FR-1.png","contentUrl":"https:\/\/solutions.echellecanada.com\/wp-content\/uploads\/2022\/12\/ECHELLE_CANADA-slogan-FR-1.png","width":126,"height":72,"caption":"Echelle Canada"},"image":{"@id":"https:\/\/solutions.echellecanada.com\/en\/#\/schema\/logo\/image\/"}}]}},"_links":{"self":[{"href":"https:\/\/solutions.echellecanada.com\/en\/wp-json\/wp\/v2\/pages\/6809","targetHints":{"allow":["GET"]}}],"collection":[{"href":"https:\/\/solutions.echellecanada.com\/en\/wp-json\/wp\/v2\/pages"}],"about":[{"href":"https:\/\/solutions.echellecanada.com\/en\/wp-json\/wp\/v2\/types\/page"}],"author":[{"embeddable":true,"href":"https:\/\/solutions.echellecanada.com\/en\/wp-json\/wp\/v2\/users\/2"}],"replies":[{"embeddable":true,"href":"https:\/\/solutions.echellecanada.com\/en\/wp-json\/wp\/v2\/comments?post=6809"}],"version-history":[{"count":0,"href":"https:\/\/solutions.echellecanada.com\/en\/wp-json\/wp\/v2\/pages\/6809\/revisions"}],"wp:attachment":[{"href":"https:\/\/solutions.echellecanada.com\/en\/wp-json\/wp\/v2\/media?parent=6809"}],"curies":[{"name":"wp","href":"https:\/\/api.w.org\/{rel}","templated":true}]}}