{"id":6797,"date":"2023-05-26T12:52:24","date_gmt":"2023-05-26T16:52:24","guid":{"rendered":"https:\/\/solutionsec.wpenginepowered.com\/mentions-legales-2\/"},"modified":"2024-09-19T08:37:53","modified_gmt":"2024-09-19T12:37:53","slug":"legal-notice","status":"publish","type":"page","link":"https:\/\/solutions.echellecanada.com\/en\/legal-notice\/","title":{"rendered":"Legal notice"},"content":{"rendered":"\t\t<div data-elementor-type=\"wp-page\" data-elementor-id=\"6797\" class=\"elementor elementor-6797 elementor-2565\" data-elementor-post-type=\"page\">\n\t\t\t\t\t\t<section class=\"elementor-section elementor-top-section elementor-element elementor-element-c20cfa6 elementor-section-full_width elementor-section-height-default elementor-section-height-default\" data-id=\"c20cfa6\" data-element_type=\"section\">\n\t\t\t\t\t\t<div class=\"elementor-container elementor-column-gap-default\">\n\t\t\t\t\t<div class=\"elementor-column elementor-col-100 elementor-top-column elementor-element elementor-element-7aa75f2\" data-id=\"7aa75f2\" data-element_type=\"column\">\n\t\t\t<div class=\"elementor-widget-wrap elementor-element-populated\">\n\t\t\t\t\t\t<div class=\"elementor-element elementor-element-3e8b830 elementor-widget elementor-widget-heading\" data-id=\"3e8b830\" data-element_type=\"widget\" data-widget_type=\"heading.default\">\n\t\t\t\t<div class=\"elementor-widget-container\">\n\t\t\t\t\t<h1 class=\"elementor-heading-title elementor-size-default\">LEGAL NOTICE<\/h1>\t\t\t\t<\/div>\n\t\t\t\t<\/div>\n\t\t\t\t\t<\/div>\n\t\t<\/div>\n\t\t\t\t\t<\/div>\n\t\t<\/section>\n\t\t\t\t<section class=\"elementor-section elementor-top-section elementor-element elementor-element-650eb9e elementor-section-boxed elementor-section-height-default elementor-section-height-default\" data-id=\"650eb9e\" data-element_type=\"section\">\n\t\t\t\t\t\t<div class=\"elementor-container elementor-column-gap-default\">\n\t\t\t\t\t<div class=\"elementor-column elementor-col-100 elementor-top-column elementor-element elementor-element-5020fcd\" data-id=\"5020fcd\" data-element_type=\"column\">\n\t\t\t<div class=\"elementor-widget-wrap elementor-element-populated\">\n\t\t\t\t\t\t<div class=\"elementor-element elementor-element-b3d77b0 elementor-widget-divider--view-line elementor-widget elementor-widget-divider\" data-id=\"b3d77b0\" data-element_type=\"widget\" data-widget_type=\"divider.default\">\n\t\t\t\t<div class=\"elementor-widget-container\">\n\t\t\t\t\t\t\t<div class=\"elementor-divider\">\n\t\t\t<span class=\"elementor-divider-separator\">\n\t\t\t\t\t\t<\/span>\n\t\t<\/div>\n\t\t\t\t\t\t<\/div>\n\t\t\t\t<\/div>\n\t\t\t\t<div class=\"elementor-element elementor-element-4c1b4b5 elementor-widget elementor-widget-text-editor\" data-id=\"4c1b4b5\" data-element_type=\"widget\" data-widget_type=\"text-editor.default\">\n\t\t\t\t<div class=\"elementor-widget-container\">\n\t\t\t\t\t\t\t\t\t<section class=\"page-content\">\n<div class=\"container\">\n<div class=\"main modele-txt-wrapper modele-txt-wrapper-1 white-box articleView \">\n<div class=\"modele-txt ratio-12 modele-order-1 articleContent\">\n<h4 class=\"p2\"><span style=\"text-decoration: underline;\"><strong>ARTICLE 1 &#8211; LEGAL NOTICE<\/strong><\/span><\/h4>\n<p class=\"p2\">Site Publication Director<\/p>\n<p class=\"p2\">Mrs. Florence POTIER<\/p>\n<p class=\"p2\">Site Editor<\/p>\n<p class=\"p2\"><b>ECHELLE CANADA Inc., <\/b><\/p>\n<p class=\"p2\">1179 Autoroute 440 Ouest, Laval (QUEBEC) QC H7L3W3 Canada,<\/p>\n<p class=\"p2\">Registered in the Quebec Enterprise Register under number 117 0502 877,<\/p>\n<p class=\"p2\">E-mail: <a href=\"mailto:a.gil@echellecanada.com\">a.gil@echellecanada.com<\/a><\/p>\n<p class=\"p2\">Contact phone number: <a href=\"tel:+14384918334\">+14384918334<\/a><\/p>\n\n<div class=\"row\">\n<div data-key=\"text\"><\/div>\n<\/div>\n<\/div>\n<\/div>\n<\/div>\n<\/section>\n<div id=\"exp-content\">\n<div class=\"region region-exp\">\n<div class=\"container\">\n<div class=\"exp-echelle\">\n<div class=\"exp-view\">\n<h4 class=\"p2\"><span style=\"text-decoration: underline;\"><b>Site design<\/b><\/span><\/h4>\n<p class=\"p2\">The Site is designed for ECHELLE CANADA, a company registered in the Quebec Enterprise Register under number 117 0502 877, with its head office at 1179 Autoroute 440 Ouest, Laval (QUEBEC) QC H7L3W3, Canada.<\/p>\n<p class=\"p2\">The Site was designed by FALIA, a company registered in the Quebec Register of Companies under number 117 616 9424, with its head office at 121 avenue de l&#8217;\u00e9glise, Saint-Sauveur (QUEBEC), JQR1R4, Canada.<\/p>\n<p class=\"p2\">The Site is updated by ECHELLE CANADA.<\/p>\n\n<h4 class=\"p2\"><span style=\"text-decoration: underline;\"><b>Site hosting <\/b><\/span><\/h4>\n<p class=\"p2\">The Site is hosted by OVH, a company registered in the Quebec Enreprise Register under number 116 7371 633, with its head office at 800-1801 av. McGill College Montr\u00e9al (QUEBEC), H3A2N4, Canada.<\/p>\n\n<h4 class=\"p2\"><span style=\"text-decoration: underline;\"><b>TERMS AND CONDITIONS OF USE<\/b><\/span><\/h4>\n<p class=\"p2\"><span style=\"text-decoration: underline;\"><b>Site access <\/b><\/span><\/p>\n<p class=\"p2\">ECHELLE CANADA reserves the right to suspend, interrupt or limit access to all or part of the Site without prior notice. ECHELLE CANADA reserves the right to modify the terms and conditions of use of the Site as well as the legal notice at any time and without prior notice.<\/p>\n<p class=\"p2\"><span style=\"text-decoration: underline;\"><b>Personal data<\/b><\/span><\/p>\n<p class=\"p2\">In accordance with current Canadian laws and regulations, and with its Personal Data Protection Policy, ECHELLE CANADA collects and processes personal data of<\/p>\n<p class=\"p1\">Internet users when a quote is requested or in the context of contact services. This data is collected and processed for the purposes of managing commercial relations, improving product quality, responding more effectively to customer expectations, compiling sales statistics and\/or prospecting purposes, and promoting new products and commercial offers from stores. The data is retained for as long as necessary to fulfill the purposes for which it was collected.<\/p>\n<p class=\"p1\">Your personal data may be processed by authorized personnel of ECHELLE CANADA and GROUPE ECHELLE INTERNATIONALE, stores in the L&#8217;ECHELLE EUROPEENNE network, and partners or service providers of ECHELLE CANADA and GROUPE ECHELLE INTERNATIONALE.<\/p>\n<p class=\"p1\">If these recipients are required to process your data outside Canada, the transfers will be carried out in compliance with the Regulations.<\/p>\n<p class=\"p1\">In accordance with the Personal Information Protection and Electronic Documents Act (PIPEDA) in force since April 13, 2000, you may, at any time, request access to your personal information and, if necessary, lodge a complaint, under the conditions set out in the Regulations.<\/p>\n<p class=\"p1\">You have the right to modify or withdraw, at any time, the consents you have granted to us for the processing of your personal data.<\/p>\n<p class=\"p1\">You also have the right to request the rectification of your personal data if it is inaccurate or incomplete, or to have it updated.<\/p>\n<p class=\"p1\">Your personal data may be stored or deleted after your death in accordance with the Regulations. You have the right to instruct ECHELLE CANADA to convey this data to a third party designated by you.<\/p>\n<p class=\"p1\">Also, in the event of a breach of your personal data, you have the right to lodge a complaint, either directly with our Service Department, whose contact details are given in the following paragraph, or with the Office of the Privacy Commissioner of Canada.<\/p>\n<p class=\"p1\"><span style=\"text-decoration: underline;\"><strong>How to exercise your rights:<\/strong><\/span><\/p>\n<p class=\"p1\">You may exercise your rights at any time by writing to: ECHELLE CANADA Inc, 1179 Autoroute 440 Ouest, Laval (QUEBEC) QC H7L3W3 Canada or by email at : <a href=\"mailto:donneespersonnelles@echelle-europeenne.com\"><span class=\"s1\">donneespersonnelles@echelle-europeenne.com<\/span><\/a>.<\/p>\n<p class=\"p1\"><span style=\"text-decoration: underline;\"><b>Proprietary rights<\/b><\/span><\/p>\n<p class=\"p1\">All content (logos, trademarks, photos, text, video, sound, etc.) available on the Site is and shall remain the exclusive property of ECHELLE CANADA and\/or its partners. The Internet user is therefore not authorized to reproduce, represent or market this content except in cases provided for by law or expressly authorized by their owner.<\/p>\n<p class=\"p1\">In any event, the Internet user may not make any secondary use of the Site&#8217;s content, whether in return for payment or free of charge. For the creation of a hypertext link to the Site, the Internet user must first contact ECHELLE CANADA at the following address to obtain the necessary authorization: ECHELLE CANADA, 1179 Autoroute 440 Ouest, Laval (QUEBEC) QC H7L3W3, Canada or by email at the following address: <a href=\"mailto:a.gil@echellecanada.com\">a.gil@echellecanada.com<\/a>.<\/p>\n<p class=\"p1\">Failure to comply with this prohibition may constitute an infringement of intellectual property rights or a violation of personal rights, and may therefore render the Internet user liable, and could lead to criminal proceedings.<\/p>\n<p class=\"p1\"><span style=\"text-decoration: underline;\"><b>Links to other sites <\/b><\/span><\/p>\n<p class=\"p1\">Links may be provided from the Site to third-party sites, or the Site may unwittingly be linked to other sites via hypertext links. These websites are independent. ECHELLE CANADA does not edit or control these sites. Links to other sites do not constitute an endorsement or partnership between ECHELLE CANADA and such websites. Therefore, ECHELLE CANADA cannot be held responsible for the content, products, advertising or any other materials or services presented on these sites. Furthermore, these sites are subject to their own terms of use.<\/p>\n<p class=\"p1\"><span style=\"text-decoration: underline;\"><b>Applicable law <\/b><\/span><\/p>\n<p class=\"p1\">The Site is governed by the applicable laws and regulations in the Province of Quebec and in Canada. These terms and conditions and legal notice are governed by Canadian law. In the event of a dispute, and failing amicable agreement, the dispute will be brought before the courts in the jurisdiction of Echelle Canada&#8217;s head office, notwithstanding multiple defendants or third-party proceedings.<\/p>\n\n<\/div>\n<\/div>\n<\/div>\n<\/div>\n<\/div>\t\t\t\t\t\t\t\t<\/div>\n\t\t\t\t<\/div>\n\t\t\t\t\t<\/div>\n\t\t<\/div>\n\t\t\t\t\t<\/div>\n\t\t<\/section>\n\t\t\t\t<\/div>\n\t\t","protected":false},"excerpt":{"rendered":"<p>LEGAL NOTICE ARTICLE 1 &#8211; LEGAL NOTICE Site Publication Director Mrs. Florence POTIER Site Editor ECHELLE CANADA Inc., 1179 Autoroute 440 Ouest, Laval (QUEBEC) QC H7L3W3 Canada, Registered in the Quebec Enterprise Register under number 117 0502 877, E-mail: a.gil@echellecanada.com Contact phone number: +14384918334 Site design The Site is designed for ECHELLE CANADA, a company [&hellip;]<\/p>\n","protected":false},"author":2,"featured_media":0,"parent":0,"menu_order":0,"comment_status":"closed","ping_status":"closed","template":"","meta":{"_acf_changed":false,"footnotes":""},"class_list":["post-6797","page","type-page","status-publish","hentry"],"acf":[],"yoast_head":"<!-- This site is optimized with the Yoast SEO plugin v26.1.1 - https:\/\/yoast.com\/wordpress\/plugins\/seo\/ -->\n<title>Legal notice - \u00c9chelle Canada<\/title>\n<meta name=\"description\" content=\"Echelle Canada et son r\u00e9seau de magasins \u00e0 Laval, Longueuil, Toronto et Qu\u00e9bec; apporte \u00e0 tous les professionnels des solutions aux probl\u00e9matiques d\u2019acc\u00e8s et de travail en hauteur.\" \/>\n<meta name=\"robots\" content=\"index, follow, max-snippet:-1, max-image-preview:large, max-video-preview:-1\" \/>\n<link rel=\"canonical\" href=\"https:\/\/solutions.echellecanada.com\/en\/legal-notice\/\" \/>\n<meta property=\"og:locale\" content=\"en_US\" \/>\n<meta property=\"og:type\" content=\"article\" \/>\n<meta property=\"og:title\" content=\"Legal notice - \u00c9chelle Canada\" \/>\n<meta property=\"og:description\" content=\"Echelle Canada et son r\u00e9seau de magasins \u00e0 Laval, Longueuil, Toronto et Qu\u00e9bec; apporte \u00e0 tous les professionnels des solutions aux probl\u00e9matiques d\u2019acc\u00e8s et de travail en hauteur.\" \/>\n<meta property=\"og:url\" content=\"https:\/\/solutions.echellecanada.com\/en\/legal-notice\/\" \/>\n<meta property=\"og:site_name\" content=\"\u00c9chelle Canada\" \/>\n<meta property=\"article:modified_time\" content=\"2024-09-19T12:37:53+00:00\" \/>\n<meta property=\"og:image\" content=\"https:\/\/solutions.echellecanada.com\/wp-content\/uploads\/2024\/06\/Echelle-canada-siege-en-france-web-1024x768.png\" \/>\n\t<meta property=\"og:image:width\" content=\"1024\" \/>\n\t<meta property=\"og:image:height\" content=\"768\" \/>\n\t<meta property=\"og:image:type\" content=\"image\/png\" \/>\n<meta name=\"twitter:card\" content=\"summary_large_image\" \/>\n<meta name=\"twitter:label1\" content=\"Est. reading time\" \/>\n\t<meta name=\"twitter:data1\" content=\"4 minutes\" \/>\n<script type=\"application\/ld+json\" class=\"yoast-schema-graph\">{\"@context\":\"https:\/\/schema.org\",\"@graph\":[{\"@type\":\"WebPage\",\"@id\":\"https:\/\/solutions.echellecanada.com\/en\/legal-notice\/\",\"url\":\"https:\/\/solutions.echellecanada.com\/en\/legal-notice\/\",\"name\":\"Legal notice - \u00c9chelle Canada\",\"isPartOf\":{\"@id\":\"https:\/\/solutions.echellecanada.com\/en\/#website\"},\"datePublished\":\"2023-05-26T16:52:24+00:00\",\"dateModified\":\"2024-09-19T12:37:53+00:00\",\"description\":\"Echelle Canada et son r\u00e9seau de magasins \u00e0 Laval, Longueuil, Toronto et Qu\u00e9bec; apporte \u00e0 tous les professionnels des solutions aux probl\u00e9matiques d\u2019acc\u00e8s et de travail en hauteur.\",\"breadcrumb\":{\"@id\":\"https:\/\/solutions.echellecanada.com\/en\/legal-notice\/#breadcrumb\"},\"inLanguage\":\"en-US\",\"potentialAction\":[{\"@type\":\"ReadAction\",\"target\":[\"https:\/\/solutions.echellecanada.com\/en\/legal-notice\/\"]}]},{\"@type\":\"BreadcrumbList\",\"@id\":\"https:\/\/solutions.echellecanada.com\/en\/legal-notice\/#breadcrumb\",\"itemListElement\":[{\"@type\":\"ListItem\",\"position\":1,\"name\":\"Home\",\"item\":\"https:\/\/solutions.echellecanada.com\/en\/\"},{\"@type\":\"ListItem\",\"position\":2,\"name\":\"Legal notice\"}]},{\"@type\":\"WebSite\",\"@id\":\"https:\/\/solutions.echellecanada.com\/en\/#website\",\"url\":\"https:\/\/solutions.echellecanada.com\/en\/\",\"name\":\"Echelle Canada\",\"description\":\"Solutions d&#039;acc\u00e8s s\u00e9curis\u00e9s\",\"publisher\":{\"@id\":\"https:\/\/solutions.echellecanada.com\/en\/#organization\"},\"potentialAction\":[{\"@type\":\"SearchAction\",\"target\":{\"@type\":\"EntryPoint\",\"urlTemplate\":\"https:\/\/solutions.echellecanada.com\/en\/?s={search_term_string}\"},\"query-input\":{\"@type\":\"PropertyValueSpecification\",\"valueRequired\":true,\"valueName\":\"search_term_string\"}}],\"inLanguage\":\"en-US\"},{\"@type\":\"Organization\",\"@id\":\"https:\/\/solutions.echellecanada.com\/en\/#organization\",\"name\":\"Echelle Canada\",\"url\":\"https:\/\/solutions.echellecanada.com\/en\/\",\"logo\":{\"@type\":\"ImageObject\",\"inLanguage\":\"en-US\",\"@id\":\"https:\/\/solutions.echellecanada.com\/en\/#\/schema\/logo\/image\/\",\"url\":\"https:\/\/solutions.echellecanada.com\/wp-content\/uploads\/2022\/12\/ECHELLE_CANADA-slogan-FR-1.png\",\"contentUrl\":\"https:\/\/solutions.echellecanada.com\/wp-content\/uploads\/2022\/12\/ECHELLE_CANADA-slogan-FR-1.png\",\"width\":126,\"height\":72,\"caption\":\"Echelle Canada\"},\"image\":{\"@id\":\"https:\/\/solutions.echellecanada.com\/en\/#\/schema\/logo\/image\/\"}}]}<\/script>\n<!-- \/ Yoast SEO plugin. -->","yoast_head_json":{"title":"Legal notice - \u00c9chelle Canada","description":"Echelle Canada et son r\u00e9seau de magasins \u00e0 Laval, Longueuil, Toronto et Qu\u00e9bec; apporte \u00e0 tous les professionnels des solutions aux probl\u00e9matiques d\u2019acc\u00e8s et de travail en hauteur.","robots":{"index":"index","follow":"follow","max-snippet":"max-snippet:-1","max-image-preview":"max-image-preview:large","max-video-preview":"max-video-preview:-1"},"canonical":"https:\/\/solutions.echellecanada.com\/en\/legal-notice\/","og_locale":"en_US","og_type":"article","og_title":"Legal notice - \u00c9chelle Canada","og_description":"Echelle Canada et son r\u00e9seau de magasins \u00e0 Laval, Longueuil, Toronto et Qu\u00e9bec; apporte \u00e0 tous les professionnels des solutions aux probl\u00e9matiques d\u2019acc\u00e8s et de travail en hauteur.","og_url":"https:\/\/solutions.echellecanada.com\/en\/legal-notice\/","og_site_name":"\u00c9chelle Canada","article_modified_time":"2024-09-19T12:37:53+00:00","og_image":[{"width":1024,"height":768,"url":"https:\/\/solutions.echellecanada.com\/wp-content\/uploads\/2024\/06\/Echelle-canada-siege-en-france-web-1024x768.png","type":"image\/png"}],"twitter_card":"summary_large_image","twitter_misc":{"Est. reading time":"4 minutes"},"schema":{"@context":"https:\/\/schema.org","@graph":[{"@type":"WebPage","@id":"https:\/\/solutions.echellecanada.com\/en\/legal-notice\/","url":"https:\/\/solutions.echellecanada.com\/en\/legal-notice\/","name":"Legal notice - \u00c9chelle Canada","isPartOf":{"@id":"https:\/\/solutions.echellecanada.com\/en\/#website"},"datePublished":"2023-05-26T16:52:24+00:00","dateModified":"2024-09-19T12:37:53+00:00","description":"Echelle Canada et son r\u00e9seau de magasins \u00e0 Laval, Longueuil, Toronto et Qu\u00e9bec; apporte \u00e0 tous les professionnels des solutions aux probl\u00e9matiques d\u2019acc\u00e8s et de travail en hauteur.","breadcrumb":{"@id":"https:\/\/solutions.echellecanada.com\/en\/legal-notice\/#breadcrumb"},"inLanguage":"en-US","potentialAction":[{"@type":"ReadAction","target":["https:\/\/solutions.echellecanada.com\/en\/legal-notice\/"]}]},{"@type":"BreadcrumbList","@id":"https:\/\/solutions.echellecanada.com\/en\/legal-notice\/#breadcrumb","itemListElement":[{"@type":"ListItem","position":1,"name":"Home","item":"https:\/\/solutions.echellecanada.com\/en\/"},{"@type":"ListItem","position":2,"name":"Legal notice"}]},{"@type":"WebSite","@id":"https:\/\/solutions.echellecanada.com\/en\/#website","url":"https:\/\/solutions.echellecanada.com\/en\/","name":"Echelle Canada","description":"Solutions d&#039;acc\u00e8s s\u00e9curis\u00e9s","publisher":{"@id":"https:\/\/solutions.echellecanada.com\/en\/#organization"},"potentialAction":[{"@type":"SearchAction","target":{"@type":"EntryPoint","urlTemplate":"https:\/\/solutions.echellecanada.com\/en\/?s={search_term_string}"},"query-input":{"@type":"PropertyValueSpecification","valueRequired":true,"valueName":"search_term_string"}}],"inLanguage":"en-US"},{"@type":"Organization","@id":"https:\/\/solutions.echellecanada.com\/en\/#organization","name":"Echelle Canada","url":"https:\/\/solutions.echellecanada.com\/en\/","logo":{"@type":"ImageObject","inLanguage":"en-US","@id":"https:\/\/solutions.echellecanada.com\/en\/#\/schema\/logo\/image\/","url":"https:\/\/solutions.echellecanada.com\/wp-content\/uploads\/2022\/12\/ECHELLE_CANADA-slogan-FR-1.png","contentUrl":"https:\/\/solutions.echellecanada.com\/wp-content\/uploads\/2022\/12\/ECHELLE_CANADA-slogan-FR-1.png","width":126,"height":72,"caption":"Echelle Canada"},"image":{"@id":"https:\/\/solutions.echellecanada.com\/en\/#\/schema\/logo\/image\/"}}]}},"_links":{"self":[{"href":"https:\/\/solutions.echellecanada.com\/en\/wp-json\/wp\/v2\/pages\/6797","targetHints":{"allow":["GET"]}}],"collection":[{"href":"https:\/\/solutions.echellecanada.com\/en\/wp-json\/wp\/v2\/pages"}],"about":[{"href":"https:\/\/solutions.echellecanada.com\/en\/wp-json\/wp\/v2\/types\/page"}],"author":[{"embeddable":true,"href":"https:\/\/solutions.echellecanada.com\/en\/wp-json\/wp\/v2\/users\/2"}],"replies":[{"embeddable":true,"href":"https:\/\/solutions.echellecanada.com\/en\/wp-json\/wp\/v2\/comments?post=6797"}],"version-history":[{"count":0,"href":"https:\/\/solutions.echellecanada.com\/en\/wp-json\/wp\/v2\/pages\/6797\/revisions"}],"wp:attachment":[{"href":"https:\/\/solutions.echellecanada.com\/en\/wp-json\/wp\/v2\/media?parent=6797"}],"curies":[{"name":"wp","href":"https:\/\/api.w.org\/{rel}","templated":true}]}}